{"id":12,"date":"2020-04-07T10:17:16","date_gmt":"2020-04-07T10:17:16","guid":{"rendered":"https:\/\/demosites.io\/boat-rental\/?page_id=12"},"modified":"2021-03-04T18:43:18","modified_gmt":"2021-03-04T18:43:18","slug":"historia","status":"publish","type":"page","link":"https:\/\/adira.org.ar\/web\/historia\/","title":{"rendered":"Historia"},"content":{"rendered":"\t\t<div data-elementor-type=\"wp-page\" data-elementor-id=\"12\" class=\"elementor elementor-12\">\n\t\t\t\t\t\t<section class=\"elementor-section elementor-top-section elementor-element elementor-element-9944f8c elementor-section-height-min-height elementor-section-boxed elementor-section-height-default elementor-section-items-middle\" data-id=\"9944f8c\" data-element_type=\"section\" data-e-type=\"section\" data-settings=\"{&quot;background_background&quot;:&quot;classic&quot;}\">\n\t\t\t\t\t\t\t<div class=\"elementor-background-overlay\"><\/div>\n\t\t\t\t\t\t\t<div class=\"elementor-container elementor-column-gap-default\">\n\t\t\t\t\t<div class=\"elementor-column elementor-col-100 elementor-top-column elementor-element elementor-element-26ac154\" data-id=\"26ac154\" data-element_type=\"column\" data-e-type=\"column\">\n\t\t\t<div class=\"elementor-widget-wrap elementor-element-populated\">\n\t\t\t\t\t\t<div class=\"elementor-element elementor-element-b2c9021 elementor-widget elementor-widget-heading\" data-id=\"b2c9021\" data-element_type=\"widget\" data-e-type=\"widget\" data-widget_type=\"heading.default\">\n\t\t\t\t<div class=\"elementor-widget-container\">\n\t\t\t\t\t<h1 class=\"elementor-heading-title elementor-size-default\">Historia<\/h1>\t\t\t\t<\/div>\n\t\t\t\t<\/div>\n\t\t\t\t\t<\/div>\n\t\t<\/div>\n\t\t\t\t\t<\/div>\n\t\t<\/section>\n\t\t\t\t<section class=\"elementor-section elementor-top-section elementor-element elementor-element-384b558 elementor-section-boxed elementor-section-height-default elementor-section-height-default\" data-id=\"384b558\" data-element_type=\"section\" data-e-type=\"section\" data-settings=\"{&quot;background_background&quot;:&quot;classic&quot;}\">\n\t\t\t\t\t\t<div class=\"elementor-container elementor-column-gap-default\">\n\t\t\t\t\t<div class=\"elementor-column elementor-col-100 elementor-top-column elementor-element elementor-element-f21eec7\" data-id=\"f21eec7\" data-element_type=\"column\" data-e-type=\"column\">\n\t\t\t<div class=\"elementor-widget-wrap elementor-element-populated\">\n\t\t\t\t\t\t<section class=\"elementor-section elementor-inner-section elementor-element elementor-element-eecd404 elementor-section-content-middle elementor-reverse-mobile elementor-section-boxed elementor-section-height-default elementor-section-height-default\" data-id=\"eecd404\" data-element_type=\"section\" data-e-type=\"section\">\n\t\t\t\t\t\t<div class=\"elementor-container elementor-column-gap-default\">\n\t\t\t\t\t<div class=\"elementor-column elementor-col-50 elementor-inner-column elementor-element elementor-element-5ea3da8\" data-id=\"5ea3da8\" data-element_type=\"column\" data-e-type=\"column\">\n\t\t\t<div class=\"elementor-widget-wrap elementor-element-populated\">\n\t\t\t\t\t\t<div class=\"elementor-element elementor-element-f51e745 elementor-widget elementor-widget-text-editor\" data-id=\"f51e745\" data-element_type=\"widget\" data-e-type=\"widget\" data-widget_type=\"text-editor.default\">\n\t\t\t\t<div class=\"elementor-widget-container\">\n\t\t\t\t\t\t\t\t\t<p><span lang=\"ES-AR\">La Asociaci\u00f3n de Diarios del Interior de la Rep\u00fablica Argentina (A.D.I.R.A.), es una entidad gremial empresaria creada en 1975 que nuclea a diarios y peri\u00f3dicos editados en todo el territorio nacional, con excepci\u00f3n de la Ciudad Aut\u00f3noma de Buenos Aires.<\/span><span style=\"letter-spacing: 0px;\">\u00a0<\/span><\/p><p><span lang=\"ES-AR\">Entre sus principales objetivos est\u00e1 el de representar a los asociados para resguardar y defender sus intereses comunes, ya sea ante los organismos p\u00fablicos o privados, abarcando en su accionar un amplio espectro coincidente con la variada gama de actividades y problem\u00e1ticas que se entrecruzan en el quehacer editorial.<\/span><span style=\"letter-spacing: 0px;\">\u00a0<\/span><\/p><p><span lang=\"ES-AR\">As\u00ed, por ejemplo, ingresan en su \u00f3rbita todas las cuestiones relativas a la provisi\u00f3n de insumos para el sector, las pol\u00edticas arancelarias y\/o cualquier regulaci\u00f3n normativa que lo alcance. Tambi\u00e9n act\u00faa en el campo de las relaciones laborales interviniendo en la discusi\u00f3n de convenios colectivos de trabajo, asesorando a sus asociados en la aplicaci\u00f3n de las reglamentaciones generales y propias de la actividad.<\/span><span style=\"letter-spacing: 0px;\">\u00a0<\/span><\/p><p><span lang=\"ES-AR\">Otro aspecto fundamental que preocupa a A.D.I.R.A. es la plena vigencia de todas las normas que garantizan la libertad de prensa y por ende la libre circulaci\u00f3n, distribuci\u00f3n y comercializaci\u00f3n de los diarios en todo el territorio nacional.<\/span><span style=\"letter-spacing: 0px;\">\u00a0<\/span><\/p><p><span lang=\"ES-AR\">Cumpliendo tambi\u00e9n con otro de sus objetivos fundacionales, que es el de promover la presencia y vigencia de la prensa regional, A.D.I.R.A. desarroll\u00f3 proyectos como la creaci\u00f3n de la Asociaci\u00f3n Latinoamericana de Peri\u00f3dicos del Interior (ALAPI) y el programa \u00abEL Diario en la Escuela\u00bb que impulsa desde 1987.<\/span><span style=\"letter-spacing: 0px;\">\u00a0<\/span><\/p><p><span lang=\"ES-AR\">Con el mismo objetivo de difundir la importancia y trayectoria de la prensa regional en nuestro pa\u00eds, A.D.I.R.A. participa tambi\u00e9n en distintas exposiciones y muestras en las que exhibe diversos materiales, organizando actividades tales como debates sobre m\u00faltiples asuntos referidos a los medios y la sociedad.<\/span><span style=\"letter-spacing: 0px;\">\u00a0<\/span><\/p><p>\u00a0<\/p><p><span lang=\"ES-AR\">El compromiso de la prensa regional con la comunidad se manifiesta tambi\u00e9n en actividades tales como el apoyo brindado a la Fundaci\u00f3n Vida Silvestre, para la difusi\u00f3n de una encuesta que permiti\u00f3 la elaboraci\u00f3n de un informe completo y actualizado sobre la situaci\u00f3n ambiental en la Rep\u00fablica Argentina.<\/span><\/p><p>\u00a0<\/p>\t\t\t\t\t\t\t\t<\/div>\n\t\t\t\t<\/div>\n\t\t\t\t\t<\/div>\n\t\t<\/div>\n\t\t\t\t<div class=\"elementor-column elementor-col-50 elementor-inner-column elementor-element elementor-element-dd10a3c\" data-id=\"dd10a3c\" data-element_type=\"column\" data-e-type=\"column\">\n\t\t\t<div class=\"elementor-widget-wrap elementor-element-populated\">\n\t\t\t\t\t\t<div class=\"elementor-element elementor-element-80eb892 elementor-widget elementor-widget-image\" data-id=\"80eb892\" data-element_type=\"widget\" data-e-type=\"widget\" data-widget_type=\"image.default\">\n\t\t\t\t<div class=\"elementor-widget-container\">\n\t\t\t\t\t\t\t\t\t\t\t\t\t\t\t<img fetchpriority=\"high\" decoding=\"async\" width=\"513\" height=\"1315\" src=\"https:\/\/adira.org.ar\/web\/wp-content\/uploads\/2020\/10\/historia.jpg\" class=\"attachment-medium_large size-medium_large wp-image-413\" alt=\"\" srcset=\"https:\/\/adira.org.ar\/web\/wp-content\/uploads\/2020\/10\/historia.jpg 513w, https:\/\/adira.org.ar\/web\/wp-content\/uploads\/2020\/10\/historia-117x300.jpg 117w, https:\/\/adira.org.ar\/web\/wp-content\/uploads\/2020\/10\/historia-399x1024.jpg 399w\" sizes=\"(max-width: 513px) 100vw, 513px\" \/>\t\t\t\t\t\t\t\t\t\t\t\t\t\t\t<\/div>\n\t\t\t\t<\/div>\n\t\t\t\t\t<\/div>\n\t\t<\/div>\n\t\t\t\t\t<\/div>\n\t\t<\/section>\n\t\t\t\t\t<\/div>\n\t\t<\/div>\n\t\t\t\t\t<\/div>\n\t\t<\/section>\n\t\t\t\t<\/div>\n\t\t","protected":false},"excerpt":{"rendered":"<p>Historia La Asociaci\u00f3n de Diarios del Interior de la Rep\u00fablica Argentina (A.D.I.R.A.), es una entidad gremial empresaria creada en 1975 que nuclea a diarios y peri\u00f3dicos editados en todo el territorio nacional, con excepci\u00f3n de la Ciudad Aut\u00f3noma de Buenos Aires.\u00a0 Entre sus principales objetivos est\u00e1 el de representar a los asociados para resguardar y&hellip;&nbsp;<a href=\"https:\/\/adira.org.ar\/web\/historia\/\" rel=\"bookmark\">Leer m\u00e1s &raquo;<span class=\"screen-reader-text\">Historia<\/span><\/a><\/p>\n","protected":false},"author":2,"featured_media":0,"parent":0,"menu_order":0,"comment_status":"closed","ping_status":"closed","template":"page-templates\/template-pagebuilder-full-width.php","meta":{"neve_meta_sidebar":"full-width","neve_meta_container":"","neve_meta_enable_content_width":"on","neve_meta_content_width":100,"neve_meta_title_alignment":"","neve_meta_author_avatar":"","neve_post_elements_order":"","neve_meta_disable_header":"","neve_meta_disable_footer":"","neve_meta_disable_title":"","_themeisle_gutenberg_block_has_review":false,"footnotes":""},"class_list":["post-12","page","type-page","status-publish","hentry"],"_links":{"self":[{"href":"https:\/\/adira.org.ar\/web\/wp-json\/wp\/v2\/pages\/12","targetHints":{"allow":["GET"]}}],"collection":[{"href":"https:\/\/adira.org.ar\/web\/wp-json\/wp\/v2\/pages"}],"about":[{"href":"https:\/\/adira.org.ar\/web\/wp-json\/wp\/v2\/types\/page"}],"author":[{"embeddable":true,"href":"https:\/\/adira.org.ar\/web\/wp-json\/wp\/v2\/users\/2"}],"replies":[{"embeddable":true,"href":"https:\/\/adira.org.ar\/web\/wp-json\/wp\/v2\/comments?post=12"}],"version-history":[{"count":13,"href":"https:\/\/adira.org.ar\/web\/wp-json\/wp\/v2\/pages\/12\/revisions"}],"predecessor-version":[{"id":572,"href":"https:\/\/adira.org.ar\/web\/wp-json\/wp\/v2\/pages\/12\/revisions\/572"}],"wp:attachment":[{"href":"https:\/\/adira.org.ar\/web\/wp-json\/wp\/v2\/media?parent=12"}],"curies":[{"name":"wp","href":"https:\/\/api.w.org\/{rel}","templated":true}]}}